{"id":446,"date":"2022-10-19T13:30:27","date_gmt":"2022-10-19T13:30:27","guid":{"rendered":"https:\/\/demo.athemes.com\/botiga-beauty-el\/?page_id=14"},"modified":"2026-02-06T15:43:22","modified_gmt":"2026-02-06T11:43:22","slug":"home","status":"publish","type":"page","link":"https:\/\/ateliereugenie.com\/fr\/","title":{"rendered":"Home"},"content":{"rendered":"<p><\/p>\n\n\n\n<div class=\"wp-block-buttons is-content-justification-center is-layout-flex wp-container-core-buttons-is-layout-a89b3969 wp-block-buttons-is-layout-flex\" id=\"https:\/\/ateliereugenie.com\/shop\/\">\n<div class=\"wp-block-button is-style-fill\"><a class=\"wp-block-button__link has-text-align-center wp-element-button\" href=\"https:\/\/ateliereugenie.com\/fr\/shop\/\" style=\"border-style:none;border-width:0px;border-radius:25px\">Shop Here<\/a><\/div>\n<\/div>\n\n\n<h3 style=\"text-align: center;\">Where Timeless Design Meets Daily Joy<\/h3>\n<p style=\"text-align: center;\">We created a variety of joyful products to inspire your everyday rituals.<\/p>\n<div class=\"woocommerce columns-4 product-grid\"><ul class=\"products columns-4\">\n<li class=\"product type-product post-732 status-publish first instock product_cat-notebooks has-post-thumbnail shipping-taxable purchasable product-type-simple has-gallery-images\">\n\t<a href=\"https:\/\/ateliereugenie.com\/fr\/produit\/notebook-collection-reve-format-bonbon-a6-menthe-douce\/\" class=\"woocommerce-LoopProduct-link woocommerce-loop-product__link\"><img loading=\"lazy\" decoding=\"async\" width=\"420\" height=\"504\" src=\"https:\/\/ateliereugenie.com\/wp-content\/uploads\/2026\/01\/atelier-eugenie-small-notebook-mint-green-420x504.jpg\" class=\"attachment-woocommerce_thumbnail size-woocommerce_thumbnail\" alt=\"Atelier Eug\u00e9nie small A6 notebook with padded PU cover in bright mint\" \/><h2 class=\"woocommerce-loop-product__title\">Notebook &#8220;Collection R\u00eave&#8221; Format Bonbon A6 (Menthe Douce)<\/h2>\n\t<span class=\"price\"><span class=\"woocommerce-Price-amount amount\"><bdi><span class=\"woocommerce-Price-currencySymbol\">&#x62f;.&#x625;<\/span>100.00<\/bdi><\/span><\/span>\n<\/a><a Douce)&rdquo;\" href=\"\/fr\/wp-json\/wp\/v2\/pages\/446?add-to-cart=732\" aria-describedby=\"woocommerce_loop_add_to_cart_link_describedby_732\" data-quantity=\"1\" class=\"button product_type_simple add_to_cart_button ajax_add_to_cart\" data-product_id=\"732\" data-product_sku=\"\" aria-label=\"Ajouter au panier\u00a0: &ldquo;Notebook &quot;Collection R\u00eave&quot; Format Bonbon A6 (Menthe Douce)&rdquo;\" rel=\"nofollow\" data-success_message=\"\u00ab\u00a0Notebook &quot;Collection R\u00eave&quot; Format Bonbon A6 (Menthe Douce)\u00a0\u00bb a \u00e9t\u00e9 ajout\u00e9 \u00e0 votre panier\" role=\"button\">Ajouter au panier<\/a>\t<span id=\"woocommerce_loop_add_to_cart_link_describedby_732\" class=\"screen-reader-text\">\n\t\t\t<\/span>\n<\/li>\n<li class=\"product type-product post-743 status-publish instock product_cat-notebooks has-post-thumbnail shipping-taxable purchasable product-type-simple has-gallery-images\">\n\t<a href=\"https:\/\/ateliereugenie.com\/fr\/produit\/notebook-collection-reve-format-cahier-a5-brume-de-lilas\/\" class=\"woocommerce-LoopProduct-link woocommerce-loop-product__link\"><img loading=\"lazy\" decoding=\"async\" width=\"420\" height=\"504\" src=\"https:\/\/ateliereugenie.com\/wp-content\/uploads\/2026\/01\/atelier-eugenie-big-notebook-lilac-pink-1-420x504.jpg\" class=\"attachment-woocommerce_thumbnail size-woocommerce_thumbnail\" alt=\"Atelier Eug\u00e9nie A5 notebook with padded PU cover in lilac pink front view\" \/><h2 class=\"woocommerce-loop-product__title\">Notebook &#8220;Collection R\u00eave&#8221; Format Cahier A5 (Brume de Lilas)<\/h2>\n\t<span class=\"price\"><span class=\"woocommerce-Price-amount amount\"><bdi><span class=\"woocommerce-Price-currencySymbol\">&#x62f;.&#x625;<\/span>150.00<\/bdi><\/span><\/span>\n<\/a><a Lilas)&rdquo;\" href=\"\/fr\/wp-json\/wp\/v2\/pages\/446?add-to-cart=743\" aria-describedby=\"woocommerce_loop_add_to_cart_link_describedby_743\" data-quantity=\"1\" class=\"button product_type_simple add_to_cart_button ajax_add_to_cart\" data-product_id=\"743\" data-product_sku=\"\" aria-label=\"Ajouter au panier\u00a0: &ldquo;Notebook &quot;Collection R\u00eave&quot; Format Cahier A5 (Brume de Lilas)&rdquo;\" rel=\"nofollow\" data-success_message=\"\u00ab\u00a0Notebook &quot;Collection R\u00eave&quot; Format Cahier A5 (Brume de Lilas)\u00a0\u00bb a \u00e9t\u00e9 ajout\u00e9 \u00e0 votre panier\" role=\"button\">Ajouter au panier<\/a>\t<span id=\"woocommerce_loop_add_to_cart_link_describedby_743\" class=\"screen-reader-text\">\n\t\t\t<\/span>\n<\/li>\n<li class=\"product type-product post-748 status-publish instock product_cat-notebooks has-post-thumbnail shipping-taxable purchasable product-type-simple has-gallery-images\">\n\t<a href=\"https:\/\/ateliereugenie.com\/fr\/produit\/notebook-collection-reve-format-cahier-a5-gris-perle\/\" class=\"woocommerce-LoopProduct-link woocommerce-loop-product__link\"><img loading=\"lazy\" decoding=\"async\" width=\"420\" height=\"504\" src=\"https:\/\/ateliereugenie.com\/wp-content\/uploads\/2026\/01\/atelier-eugenie-big-notebook-light-grey-420x504.jpg\" class=\"attachment-woocommerce_thumbnail size-woocommerce_thumbnail\" alt=\"Atelier Eug\u00e9nie format A5 notebook with padded PU cover in light grey front view\" \/><h2 class=\"woocommerce-loop-product__title\">Notebook &#8220;Collection R\u00eave&#8221; Format Cahier A5 (Gris Perle)<\/h2>\n\t<span class=\"price\"><span class=\"woocommerce-Price-amount amount\"><bdi><span class=\"woocommerce-Price-currencySymbol\">&#x62f;.&#x625;<\/span>150.00<\/bdi><\/span><\/span>\n<\/a><a Perle)&rdquo;\" href=\"\/fr\/wp-json\/wp\/v2\/pages\/446?add-to-cart=748\" aria-describedby=\"woocommerce_loop_add_to_cart_link_describedby_748\" data-quantity=\"1\" class=\"button product_type_simple add_to_cart_button ajax_add_to_cart\" data-product_id=\"748\" data-product_sku=\"\" aria-label=\"Ajouter au panier\u00a0: &ldquo;Notebook &quot;Collection R\u00eave&quot; Format Cahier A5 (Gris Perle)&rdquo;\" rel=\"nofollow\" data-success_message=\"\u00ab\u00a0Notebook &quot;Collection R\u00eave&quot; Format Cahier A5 (Gris Perle)\u00a0\u00bb a \u00e9t\u00e9 ajout\u00e9 \u00e0 votre panier\" role=\"button\">Ajouter au panier<\/a>\t<span id=\"woocommerce_loop_add_to_cart_link_describedby_748\" class=\"screen-reader-text\">\n\t\t\t<\/span>\n<\/li>\n<li class=\"product type-product post-738 status-publish last instock product_cat-notebooks has-post-thumbnail shipping-taxable purchasable product-type-simple has-gallery-images\">\n\t<a href=\"https:\/\/ateliereugenie.com\/fr\/produit\/notebook-collection-reve-format-cahier-a5-iris-celeste\/\" class=\"woocommerce-LoopProduct-link woocommerce-loop-product__link\"><img loading=\"lazy\" decoding=\"async\" width=\"420\" height=\"504\" src=\"https:\/\/ateliereugenie.com\/wp-content\/uploads\/2026\/01\/atelier-eugenie-big-notebook-lavender-420x504.jpg\" class=\"attachment-woocommerce_thumbnail size-woocommerce_thumbnail\" alt=\"Front view Atelier Eug\u00e9nie A5 notebook with padded PU cover in lavender\" \/><h2 class=\"woocommerce-loop-product__title\">Notebook &#8220;Collection R\u00eave&#8221; Format Cahier A5 (Iris C\u00e9leste)<\/h2>\n\t<span class=\"price\"><span class=\"woocommerce-Price-amount amount\"><bdi><span class=\"woocommerce-Price-currencySymbol\">&#x62f;.&#x625;<\/span>150.00<\/bdi><\/span><\/span>\n<\/a><a C\u00e9leste)&rdquo;\" href=\"\/fr\/wp-json\/wp\/v2\/pages\/446?add-to-cart=738\" aria-describedby=\"woocommerce_loop_add_to_cart_link_describedby_738\" data-quantity=\"1\" class=\"button product_type_simple add_to_cart_button ajax_add_to_cart\" data-product_id=\"738\" data-product_sku=\"\" aria-label=\"Ajouter au panier\u00a0: &ldquo;Notebook &quot;Collection R\u00eave&quot; Format Cahier A5 (Iris C\u00e9leste)&rdquo;\" rel=\"nofollow\" data-success_message=\"\u00ab\u00a0Notebook &quot;Collection R\u00eave&quot; Format Cahier A5 (Iris C\u00e9leste)\u00a0\u00bb a \u00e9t\u00e9 ajout\u00e9 \u00e0 votre panier\" role=\"button\">Ajouter au panier<\/a>\t<span id=\"woocommerce_loop_add_to_cart_link_describedby_738\" class=\"screen-reader-text\">\n\t\t\t<\/span>\n<\/li>\n<\/ul>\n<\/div>","protected":false},"excerpt":{"rendered":"<p>Where Timeless Design Meets Daily Joy We created a variety of joyful products to inspire your everyday rituals.<\/p>","protected":false},"author":1,"featured_media":0,"parent":0,"menu_order":0,"comment_status":"closed","ping_status":"closed","template":"","meta":{"footnotes":""},"class_list":["post-446","page","type-page","status-publish","hentry"],"jetpack_sharing_enabled":true,"_links":{"self":[{"href":"https:\/\/ateliereugenie.com\/fr\/wp-json\/wp\/v2\/pages\/446","targetHints":{"allow":["GET"]}}],"collection":[{"href":"https:\/\/ateliereugenie.com\/fr\/wp-json\/wp\/v2\/pages"}],"about":[{"href":"https:\/\/ateliereugenie.com\/fr\/wp-json\/wp\/v2\/types\/page"}],"author":[{"embeddable":true,"href":"https:\/\/ateliereugenie.com\/fr\/wp-json\/wp\/v2\/users\/1"}],"replies":[{"embeddable":true,"href":"https:\/\/ateliereugenie.com\/fr\/wp-json\/wp\/v2\/comments?post=446"}],"version-history":[{"count":15,"href":"https:\/\/ateliereugenie.com\/fr\/wp-json\/wp\/v2\/pages\/446\/revisions"}],"predecessor-version":[{"id":783,"href":"https:\/\/ateliereugenie.com\/fr\/wp-json\/wp\/v2\/pages\/446\/revisions\/783"}],"wp:attachment":[{"href":"https:\/\/ateliereugenie.com\/fr\/wp-json\/wp\/v2\/media?parent=446"}],"curies":[{"name":"wp","href":"https:\/\/api.w.org\/{rel}","templated":true}]}}